
{"id":114,"date":"2021-04-29T16:52:37","date_gmt":"2021-04-29T16:52:37","guid":{"rendered":"http:\/\/preview.abc4it.com\/lesegesellschaft\/cms\/?page_id=114"},"modified":"2021-08-01T22:52:16","modified_gmt":"2021-08-02T06:52:16","slug":"geschichte","status":"publish","type":"page","link":"https:\/\/lesegesellschaft-horgen.ch\/cms\/geschichte\/","title":{"rendered":"Geschichte"},"content":{"rendered":"\n<section class=\"wp-block-themeisle-blocks-advanced-columns alignfull has-1-columns has-desktop-equal-layout has-tablet-equal-layout has-mobile-equal-layout has-nogap-gap has-vertical-center\" id=\"wp-block-themeisle-blocks-advanced-columns-57409234\"><div class=\"wp-block-themeisle-blocks-advanced-columns-overlay\"><\/div><div class=\"innerblocks-wrap\">\n<div class=\"wp-block-themeisle-blocks-advanced-column\" id=\"wp-block-themeisle-blocks-advanced-column-be7d0390\">\n<h1 class=\"has-text-align-center has-nv-site-bg-color has-text-color wp-block-heading\">Geschichte der Lesegesellschaft Horgen<\/h1>\n\n\n\n<p><\/p>\n\n\n\n<p><\/p>\n<\/div>\n<\/div><div class=\"wp-block-themeisle-blocks-advanced-columns-separators bottom\"><svg id=\"rightCurve\" fill=\"var(--nv-site-bg)\" viewbox=\"0 0 100 100\" width=\"100%\" height=\"100\" preserveaspectratio=\"none\" xmlns=\"http:\/\/www.w3.org\/2000\/svg\" class=\"\"><path d=\"M0 100 C 20 0 50 0 100 100 Z\"><\/path><\/svg><\/div><\/section>\n\n\n\n<section class=\"wp-block-themeisle-blocks-advanced-columns alignfull has-1-columns has-desktop-equal-layout has-tablet-equal-layout has-mobile-equal-layout has-nogap-gap has-vertical-flex-start ticss-d559f0d7\" id=\"wp-block-themeisle-blocks-advanced-columns-e4373a2b\"><div class=\"wp-block-themeisle-blocks-advanced-columns-overlay\"><\/div><div class=\"innerblocks-wrap\">\n<div class=\"wp-block-themeisle-blocks-advanced-column\" id=\"wp-block-themeisle-blocks-advanced-column-0b9db5af\">\n<div class=\"wp-block-columns is-layout-flex wp-container-core-columns-is-layout-9d6595d7 wp-block-columns-is-layout-flex\">\n<div class=\"wp-block-column is-layout-flow wp-block-column-is-layout-flow\">\n<div class=\"wp-block-media-text alignwide is-stacked-on-mobile\" style=\"grid-template-columns:18% auto\"><figure class=\"wp-block-media-text__media\"><img decoding=\"async\" src=\"https:\/\/lesegesellschaft-horgen.ch\/cms\/wp-content\/uploads\/2021\/04\/logo_lesegesellschaft-horgen_klein_1_03.png\" alt=\"\" class=\"wp-image-232 size-full\"\/><\/figure><div class=\"wp-block-media-text__content\">\n<h3>Lesegesellschaft Horgen: 1802 &#8211; <script language=\"javascript\" type=\"text\/javascript\">\n   var d = new Date();\n   document.write((d.getYear()+1900));\n <\/script>\n<\/h3>\n<\/div><\/div>\n<\/div>\n<\/div>\n\n\n\n<p class=\"has-text-align-left\">Die Lesegesellschaft Horgen hat eine wechselvolle Geschichte hinter sich.<\/p>\n\n\n\n<p>1794 sprach man von einem \u201esehr ber\u00fcchtigten Klub von sogenannten Freiheitsm\u00e4nnern&#187; in Horgen, der den Oberv\u00f6gten \u201ezu besonderer Aufsicht&#187; empfohlen wurde. Es waren unruhige Zeiten: Die Franz\u00f6sische Revolution fand auch in der Alten Eidgenossenschaft starke Beachtung und weckte in aufgekl\u00e4rten und benachteiligten Bev\u00f6lkerungsgruppen Hoffnungen auf eine Reform der bestehenden Herrschaftsverh\u00e4ltnisse. In der Folge wurde 1798 die Helvetische Republik ausgerufen. Ein freiheitlicher Wind wehte. Die Landbev\u00f6lkerung unterwarf sich nicht mehr einfach so der st\u00e4dtischen Obrigkeit, auch wenn auf dem Land immer noch nicht politisiert werden durfte.<\/p>\n\n\n\n<p>1802 wurde deshalb aus dem \u201eKlub&#187; die Lesegesellschaft. In den Familien zirkulierten die fr\u00fcher sehr verbreiteten Lesemappen, die nach einer Woche weitergegeben werden mussten. Die Mitglieder, fast alles M\u00e4nner, versammelten sich aber im Hinterst\u00fcbchen des Stammlokals, wo heftig diskutiert wurde. Wenn jemand von ihnen &#8211; oder der Wirt &#8211; angezeigt worden w\u00e4re, w\u00e4re er im Gef\u00e4ngnis gelandet. Es konnten also nur ganz sichere Kandidaten aufgenommen werden, pr\u00e4sentiert von zwei \u201ePaten&#187; und mit einstimmigem Beschluss! Daher kommt der elit\u00e4re Ruf, den die Gesellschaft auch heute nicht ganz los geworden ist. Es blieb also eine sehr kleine Vereinigung.<\/p>\n\n\n\n<p>Solche Lesegesellschaften gab es rund um den Z\u00fcrichsee. Sie stammen alle etwa aus derselben Zeit. Ihre erste Bl\u00fctezeit d\u00fcrfte von 1850 bis etwa 1910 gewesen sein. In der freieren Atmosph\u00e4re war ihr politischer Einfluss nicht zu untersch\u00e4tzen, z.B. auf die linksufrige Eisenbahn, auf den Sihlbrugg-Tunnel, etc.<\/p>\n\n\n\n<p>Mit dem Aufkommen der politischen Parteien und beruflichen Vereinigungen war die Zeit dieser Gesellschaften abgelaufen. Entweder sie \u00f6ffneten sich und orientierten sich neu, oder sie verschwanden. Als eine der letzten gab sich auch die schon fast tot gesagte Lesegesellschaft Horgen neue Statuten und eine neue Ausrichtung. Sie ist heute politisch, konfessionell und sozial neutral.<\/p>\n\n\n\n<p>Heute ist die Lesegesellschaft Horgen wieder sehr lebendig und umfasst ein weites Spektrum der Bev\u00f6lkerung, einfach Damen und Herren, die sich f\u00fcr unsere literarisch-kulturellen Veranstaltungen interessieren.<\/p>\n\n\n\n<p>20.8.2011\/Lucie Zehnder<\/p>\n\n\n\n<div style=\"height:20px\" aria-hidden=\"true\" class=\"wp-block-spacer\"><\/div>\n<\/div>\n<\/div><\/section>\n","protected":false},"excerpt":{"rendered":"","protected":false},"author":1,"featured_media":0,"parent":0,"menu_order":0,"comment_status":"closed","ping_status":"closed","template":"page-templates\/template-pagebuilder-full-width.php","meta":{"neve_meta_sidebar":"full-width","neve_meta_container":"","neve_meta_enable_content_width":"on","neve_meta_content_width":100,"neve_meta_title_alignment":"","neve_meta_author_avatar":"","neve_post_elements_order":"","neve_meta_disable_header":"","neve_meta_disable_footer":"","neve_meta_disable_title":"","_themeisle_gutenberg_block_has_review":false,"footnotes":""},"class_list":["post-114","page","type-page","status-publish","hentry"],"_links":{"self":[{"href":"https:\/\/lesegesellschaft-horgen.ch\/cms\/wp-json\/wp\/v2\/pages\/114","targetHints":{"allow":["GET"]}}],"collection":[{"href":"https:\/\/lesegesellschaft-horgen.ch\/cms\/wp-json\/wp\/v2\/pages"}],"about":[{"href":"https:\/\/lesegesellschaft-horgen.ch\/cms\/wp-json\/wp\/v2\/types\/page"}],"author":[{"embeddable":true,"href":"https:\/\/lesegesellschaft-horgen.ch\/cms\/wp-json\/wp\/v2\/users\/1"}],"replies":[{"embeddable":true,"href":"https:\/\/lesegesellschaft-horgen.ch\/cms\/wp-json\/wp\/v2\/comments?post=114"}],"version-history":[{"count":16,"href":"https:\/\/lesegesellschaft-horgen.ch\/cms\/wp-json\/wp\/v2\/pages\/114\/revisions"}],"predecessor-version":[{"id":683,"href":"https:\/\/lesegesellschaft-horgen.ch\/cms\/wp-json\/wp\/v2\/pages\/114\/revisions\/683"}],"wp:attachment":[{"href":"https:\/\/lesegesellschaft-horgen.ch\/cms\/wp-json\/wp\/v2\/media?parent=114"}],"curies":[{"name":"wp","href":"https:\/\/api.w.org\/{rel}","templated":true}]}}