
{"id":6,"date":"2020-11-09T12:32:08","date_gmt":"2020-11-09T12:32:08","guid":{"rendered":"https:\/\/demosites.io\/makeup-gb\/?page_id=6"},"modified":"2021-11-15T01:18:40","modified_gmt":"2021-11-15T09:18:40","slug":"cbca1-home","status":"publish","type":"page","link":"https:\/\/lesegesellschaft-horgen.ch\/cms\/","title":{"rendered":"Home"},"content":{"rendered":"\n<section class=\"wp-block-themeisle-blocks-advanced-columns alignfull has-1-columns has-desktop-equal-layout has-tablet-equal-layout has-mobile-equal-layout has-nogap-gap has-vertical-center\" id=\"wp-block-themeisle-blocks-advanced-columns-555d3aa8\"><div class=\"wp-block-themeisle-blocks-advanced-columns-overlay\"><\/div><div class=\"innerblocks-wrap\">\n<div class=\"wp-block-themeisle-blocks-advanced-column\" id=\"wp-block-themeisle-blocks-advanced-column-99d16b9a\">\n<h1 id=\"wp-block-themeisle-blocks-advanced-heading-9ecc2e35\" class=\"wp-block-themeisle-blocks-advanced-heading wp-block-themeisle-blocks-advanced-heading-9ecc2e35\"><img decoding=\"async\" src=\"http:\/\/www.lesegesellschaft-horgen.ch\/cms\/templates\/biz_blue_ii\/images\/space.gif\" alt=\"\" width=\"7\"><br>Lesegesellschaft Horgen<\/h1>\n\n\n\n<div class=\"aktuellJahrFront\">1802-<script language=\"javascript\" type=\"text\/javascript\">\n   var d = new Date();\n   document.write((d.getYear()+1900));\n <\/script>\n<\/div>\n\n\n\n<div style=\"height:20px\" aria-hidden=\"true\" class=\"wp-block-spacer\"><\/div>\n\n\n\n<p class=\"has-text-align-left has-nv-site-bg-color has-text-color has-medium-font-size\">Die Lesegesellschaft Horgen diente zu Beginn des 19. Jahrhunderts zun\u00e4chst dem Lesehunger des neu entstandenen Bildungsb\u00fcrgertums. Dann aber zunehmend als Diskussionszirkel, in welchem revolution\u00e4r-politische Themen debattiert wurden.<\/p>\n\n\n\n<p class=\"has-text-align-left has-nv-site-bg-color has-text-color has-medium-font-size\">Heute bem\u00fcht sich die Gesellschaft mit&nbsp;kulturellen, insbesondere literarischen Veranstaltungen, zur Bereicherung des Dorflebens beizutragen.<\/p>\n\n\n\n<p class=\"has-text-align-left has-nv-site-bg-color has-text-color has-medium-font-size\">Wir freuen uns, Sie demn\u00e4chst in unserem Kreis begr\u00fcssen zu d\u00fcrfen.<\/p>\n\n\n\n<div style=\"height:20px\" aria-hidden=\"true\" class=\"wp-block-spacer\"><\/div>\n<\/div>\n<\/div><div class=\"wp-block-themeisle-blocks-advanced-columns-separators bottom\"><svg id=\"curve\" fill=\"var(--nv-site-bg)\" viewbox=\"0 0 100 100\" width=\"100%\" height=\"100\" preserveaspectratio=\"none\" xmlns=\"http:\/\/www.w3.org\/2000\/svg\" class=\"\"><path d=\"M0 100 C40 0 60 0 100 100 Z\"><\/path><\/svg><\/div><\/section>\n\n\n\n<section class=\"wp-block-themeisle-blocks-advanced-columns alignfull has-1-columns has-desktop-equal-layout has-tablet-equal-layout has-mobile-equal-layout has-nogap-gap has-vertical-flex-start\" id=\"wp-block-themeisle-blocks-advanced-columns-aa168ab4\"><div class=\"wp-block-themeisle-blocks-advanced-columns-overlay\"><\/div><div class=\"innerblocks-wrap\">\n<div class=\"wp-block-themeisle-blocks-advanced-column\" id=\"wp-block-themeisle-blocks-advanced-column-1fac97bd\">\n<div style=\"height:27px\" aria-hidden=\"true\" class=\"wp-block-spacer\"><\/div>\n\n\n\n<h2 class=\"titelFront wp-block-heading\">Aktuelle Informationen<\/h2>\n\n\n<div class='containerShowAktuell'><meta name='viewport' content='width=device-width, initial-scale=1.0'><div class='aktuellRow'><h3>KOMMT BALD<\/h3>\n\t<p>'Hier folgen Angaben zur n\u00e4chsten Veranstaltung'<\/p><\/div><\/div>\n\n\n\n<div style=\"height:40px\" aria-hidden=\"true\" class=\"wp-block-spacer\"><\/div>\n\n\n\n<h2 class=\"titelFront wp-block-heading\">Berichte<\/h2>\n\n\n<div class='containerBericht'><meta name='viewport' content='width=device-width, initial-scale=1.0'><div class='berichtRow'>\t\t\t\t\t\t\n\t\t\t\t\t\t<div class='column' id='bericht'>\n\t\t\t\t\t\t<div class='imgContainer'>\n\t\t\t\t\t\t\t\t<img src='https:\/\/lesegesellschaft-horgen.ch\/cms\/medien\/eventdatenbank\/Thomas_Duetsch_quer.JPG'>\n\t\t\t\t\t\t\t<\/div>\n\t\t\t\t\t\t\t<div class='berichtContainer'>\n\t\t\t\t\t\t\t\t<p><a href='allevents?a=153'>Bericht Thomas D\u00fctsch liest aus seinem neuen Gedichtband und Christian Wirth tritt mit der Bassklarinette auf. vom 20.05.2022 <\/a><\/p>\n\t\t\t\t\t\t\t<\/div>\t\t\t\t\n\t\t\t\t\t\t<\/div>\t\t\t\n\t\t\t\t\t\t\t\t\t\t\n\t\t\t\t\t\t<div class='column' id='bericht'>\n\t\t\t\t\t\t<div class='imgContainer'>\n\t\t\t\t\t\t\t\t<img src='https:\/\/lesegesellschaft-horgen.ch\/cms\/medien\/eventdatenbank\/Catalin_Dorian_Florescu_ZSZ1.jpg'>\n\t\t\t\t\t\t\t<\/div>\n\t\t\t\t\t\t\t<div class='berichtContainer'>\n\t\t\t\t\t\t\t\t<p><a href='allevents?a=134'>Bericht Lesung von Catalin Dorian Florescu vom 15.11.2019 <\/a><\/p>\n\t\t\t\t\t\t\t<\/div>\t\t\t\t\n\t\t\t\t\t\t<\/div>\t\t\t\n\t\t\t\t\t\t\t\t\t\t\n\t\t\t\t\t\t<div class='column' id='bericht'>\n\t\t\t\t\t\t<div class='imgContainer'>\n\t\t\t\t\t\t\t\t<img src='https:\/\/lesegesellschaft-horgen.ch\/cms\/medien\/eventdatenbank\/BauerV_GoldzycherD.JPG'>\n\t\t\t\t\t\t\t<\/div>\n\t\t\t\t\t\t\t<div class='berichtContainer'>\n\t\t\t\t\t\t\t\t<p><a href='allevents?a=127'>Bericht Vortrag zum 200. Geburtstag von Gottfried Keller mit Vera Bauer und David Goldzycher vom 15.03.2019 <\/a><\/p>\n\t\t\t\t\t\t\t<\/div>\t\t\t\t\n\t\t\t\t\t\t<\/div>\t\t\t\n\t\t\t\t\t\t\t\t\t\t\n\t\t\t\t\t\t<div class='column' id='bericht'>\n\t\t\t\t\t\t<div class='imgContainer'>\n\t\t\t\t\t\t\t\t<img src='https:\/\/lesegesellschaft-horgen.ch\/cms\/medien\/eventdatenbank\/Urs_W_Schoettli.JPG'>\n\t\t\t\t\t\t\t<\/div>\n\t\t\t\t\t\t\t<div class='berichtContainer'>\n\t\t\t\t\t\t\t\t<p><a href='allevents?a=118'>Bericht Referat von Urs Sch\u00f6ttli \u00fcber 'China: Politik und Strategie zum Aufstieg als globale F\u00fchrungsmacht' vom 17.05.2018 <\/a><\/p>\n\t\t\t\t\t\t\t<\/div>\t\t\t\t\n\t\t\t\t\t\t<\/div>\t\t\t\n\t\t\t\t\t\t\t\t\t\t\n\t\t\t\t\t\t<div class='column' id='bericht'>\n\t\t\t\t\t\t<div class='imgContainer'>\n\t\t\t\t\t\t\t\t<img src='https:\/\/lesegesellschaft-horgen.ch\/cms\/medien\/eventdatenbank\/Ulrich_Knellwolf.jpg'>\n\t\t\t\t\t\t\t<\/div>\n\t\t\t\t\t\t\t<div class='berichtContainer'>\n\t\t\t\t\t\t\t\t<p><a href='allevents?a=116'>Bericht Referat von Dr. Ulrich Knellwolf \u00fcber 'Jeremias Gotthelfs Theologie der m\u00fcndigen Christenmenschen' vom 08.03.2018 <\/a><\/p>\n\t\t\t\t\t\t\t<\/div>\t\t\t\t\n\t\t\t\t\t\t<\/div>\t\t\t\n\t\t\t\t\t\t\t\t\t\t\n\t\t\t\t\t\t<div class='column' id='bericht'>\n\t\t\t\t\t\t<div class='imgContainer'>\n\t\t\t\t\t\t\t\t<img src='https:\/\/lesegesellschaft-horgen.ch\/cms\/medien\/eventdatenbank\/20170928_Lesung_SaidaKeller.JPG'>\n\t\t\t\t\t\t\t<\/div>\n\t\t\t\t\t\t\t<div class='berichtContainer'>\n\t\t\t\t\t\t\t\t<p><a href='allevents?a=109'>Bericht Buchvorstellung: Sa\u00efda Keller-Messahli stellt ihr neustes Werk zum Thema Islam vor vom 28.09.2017 <\/a><\/p>\n\t\t\t\t\t\t\t<\/div>\t\t\t\t\n\t\t\t\t\t\t<\/div>\t\t\t\n\t\t\t\t<\/div><\/div>\n<\/div>\n<\/div><\/section>\n\n\n\n<p><\/p>\n","protected":false},"excerpt":{"rendered":"","protected":false},"author":1,"featured_media":0,"parent":0,"menu_order":0,"comment_status":"closed","ping_status":"closed","template":"page-templates\/template-pagebuilder-full-width.php","meta":{"neve_meta_sidebar":"full-width","neve_meta_container":"","neve_meta_enable_content_width":"on","neve_meta_content_width":100,"neve_meta_title_alignment":"","neve_meta_author_avatar":"","neve_post_elements_order":"","neve_meta_disable_header":"","neve_meta_disable_footer":"","neve_meta_disable_title":"","_themeisle_gutenberg_block_has_review":false,"footnotes":""},"class_list":["post-6","page","type-page","status-publish","hentry"],"_links":{"self":[{"href":"https:\/\/lesegesellschaft-horgen.ch\/cms\/wp-json\/wp\/v2\/pages\/6","targetHints":{"allow":["GET"]}}],"collection":[{"href":"https:\/\/lesegesellschaft-horgen.ch\/cms\/wp-json\/wp\/v2\/pages"}],"about":[{"href":"https:\/\/lesegesellschaft-horgen.ch\/cms\/wp-json\/wp\/v2\/types\/page"}],"author":[{"embeddable":true,"href":"https:\/\/lesegesellschaft-horgen.ch\/cms\/wp-json\/wp\/v2\/users\/1"}],"replies":[{"embeddable":true,"href":"https:\/\/lesegesellschaft-horgen.ch\/cms\/wp-json\/wp\/v2\/comments?post=6"}],"version-history":[{"count":43,"href":"https:\/\/lesegesellschaft-horgen.ch\/cms\/wp-json\/wp\/v2\/pages\/6\/revisions"}],"predecessor-version":[{"id":665,"href":"https:\/\/lesegesellschaft-horgen.ch\/cms\/wp-json\/wp\/v2\/pages\/6\/revisions\/665"}],"wp:attachment":[{"href":"https:\/\/lesegesellschaft-horgen.ch\/cms\/wp-json\/wp\/v2\/media?parent=6"}],"curies":[{"name":"wp","href":"https:\/\/api.w.org\/{rel}","templated":true}]}}